{"id":9,"date":"2024-10-20T17:23:59","date_gmt":"2024-10-20T15:23:59","guid":{"rendered":"http:\/\/tdes.fr\/?page_id=9"},"modified":"2026-03-22T22:17:13","modified_gmt":"2026-03-22T21:17:13","slug":"acceuil","status":"publish","type":"page","link":"https:\/\/www.tdes.fr\/","title":{"rendered":"Acceuil"},"content":{"rendered":"<p>[et_pb_section fb_built=\u00a0\u00bb1&Prime; fullwidth=\u00a0\u00bbon\u00a0\u00bb _builder_version=\u00a0\u00bb4.27.2&Prime; _module_preset=\u00a0\u00bbdefault\u00a0\u00bb bottom_divider_style=\u00a0\u00bbcurve\u00a0\u00bb bottom_divider_color=\u00a0\u00bbRGBA(255,255,255,0)\u00a0\u00bb bottom_divider_flip=\u00a0\u00bbvertical|horizontal\u00a0\u00bb global_colors_info=\u00a0\u00bb{}\u00a0\u00bb][et_pb_fullwidth_header header_fullscreen=\u00a0\u00bbon\u00a0\u00bb _builder_version=\u00a0\u00bb4.27.6&Prime; _module_preset=\u00a0\u00bbdefault\u00a0\u00bb background_color=\u00a0\u00bbRGBA(255,255,255,0)\u00a0\u00bb background_image=\u00a0\u00bbhttp:\/\/www.tdes.fr\/wp-content\/uploads\/2026\/03\/TDES-8-scaled.png\u00a0\u00bb hover_enabled=\u00a0\u00bb0&Prime; background_color_phone=\u00a0\u00bb#ffffff\u00a0\u00bb background_last_edited=\u00a0\u00bbon|desktop\u00a0\u00bb background_enable_color_phone=\u00a0\u00bbon\u00a0\u00bb background_image_tablet=\u00a0\u00bbhttp:\/\/tdes.fr\/wp-content\/uploads\/2024\/10\/Design-sans-titre-4.png\u00a0\u00bb background_image_phone=\u00a0\u00bbhttp:\/\/www.tdes.fr\/wp-content\/uploads\/2026\/03\/Linnovation-au-coeur-de-votre-performance-Accelerez-vos-projets-technologiques-Transformez-vos-defis-en-solutions.png\u00a0\u00bb background_enable_image_tablet=\u00a0\u00bbon\u00a0\u00bb background_enable_image_phone=\u00a0\u00bbon\u00a0\u00bb background_position_tablet=\u00a0\u00bbbottom_center\u00a0\u00bb background_position_phone=\u00a0\u00bbcenter\u00a0\u00bb background_vertical_offset_tablet=\u00a0\u00bb100%\u00a0\u00bb global_colors_info=\u00a0\u00bb{}\u00a0\u00bb sticky_enabled=\u00a0\u00bb0&Prime; title_text=\u00a0\u00bbTDES (8)\u00a0\u00bb][\/et_pb_fullwidth_header][\/et_pb_section][et_pb_section fb_built=\u00a0\u00bb1&Prime; _builder_version=\u00a0\u00bb4.27.2&Prime; _module_preset=\u00a0\u00bbdefault\u00a0\u00bb global_colors_info=\u00a0\u00bb{}\u00a0\u00bb][et_pb_row column_structure=\u00a0\u00bb1_2,1_2&Prime; module_id=\u00a0\u00bbservices\u00a0\u00bb _builder_version=\u00a0\u00bb4.27.2&Prime; _module_preset=\u00a0\u00bbdefault\u00a0\u00bb global_colors_info=\u00a0\u00bb{}\u00a0\u00bb][et_pb_column type=\u00a0\u00bb1_2&Prime; _builder_version=\u00a0\u00bb4.27.2&Prime; _module_preset=\u00a0\u00bbdefault\u00a0\u00bb global_colors_info=\u00a0\u00bb{}\u00a0\u00bb][et_pb_text _builder_version=\u00a0\u00bb4.27.6&Prime; _module_preset=\u00a0\u00bbdefault\u00a0\u00bb hover_enabled=\u00a0\u00bb0&Prime; global_colors_info=\u00a0\u00bb{}\u00a0\u00bb sticky_enabled=\u00a0\u00bb0&Prime;]<\/p>\n<h2><strong>Nos Services<\/strong><\/h2>\n<ul>\n<li data-section-id=\"16dx09n\" data-start=\"830\" data-end=\"992\"><strong data-start=\"832\" data-end=\"876\">Ing\u00e9nierie informatique &amp; R&amp;D automobile<\/strong><br data-start=\"876\" data-end=\"879\" \/>Conception, d\u00e9veloppement et optimisation de solutions technologiques pour le secteur automobile et industriel.<\/li>\n<li data-section-id=\"1nuw3qt\" data-start=\"994\" data-end=\"1132\"><strong data-start=\"996\" data-end=\"1030\">Big Data &amp; gestion des donn\u00e9es<\/strong><br data-start=\"1030\" data-end=\"1033\" \/>Collecte, traitement et analyse de donn\u00e9es pour am\u00e9liorer la prise de d\u00e9cision et la performance.<\/li>\n<li data-section-id=\"ubizox\" data-start=\"1134\" data-end=\"1273\"><strong data-start=\"1136\" data-end=\"1172\">Conseil en syst\u00e8mes et logiciels<\/strong><br data-start=\"1172\" data-end=\"1175\" \/>Audit, architecture et accompagnement dans la mise en place de solutions informatiques adapt\u00e9es.<\/li>\n<li data-section-id=\"1lz4mkt\" data-start=\"1275\" data-end=\"1371\"><strong data-start=\"1277\" data-end=\"1303\">D\u00e9veloppement logiciel<\/strong><br data-start=\"1303\" data-end=\"1306\" \/>Cr\u00e9ation, qualification et maintenance de logiciels sur mesure.<\/li>\n<li data-section-id=\"19libjg\" data-start=\"1373\" data-end=\"1491\"><strong data-start=\"1375\" data-end=\"1412\">D\u00e9veloppement mobile &amp; jeux vid\u00e9o<\/strong><br data-start=\"1412\" data-end=\"1415\" \/>Conception d\u2019applications mobiles innovantes et de solutions interactives.<\/li>\n<li data-section-id=\"mlvwx0\" data-start=\"1493\" data-end=\"1610\"><strong data-start=\"1495\" data-end=\"1531\">Multim\u00e9dia &amp; solutions digitales<\/strong><br data-start=\"1531\" data-end=\"1534\" \/>Cr\u00e9ation de contenus et d\u2019outils num\u00e9riques pour valoriser votre activit\u00e9.<\/li>\n<li data-section-id=\"gm2csc\" data-start=\"1612\" data-end=\"1759\"><strong data-start=\"1614\" data-end=\"1643\">Commerce &amp; repr\u00e9sentation<\/strong><br data-start=\"1643\" data-end=\"1646\" \/>Activit\u00e9s d\u2019achat, vente, import\/export, notamment dans le domaine des instruments de mesure et bancs d\u2019essais.<\/li>\n<li data-section-id=\"ib37ca\" data-start=\"1761\" data-end=\"1891\"><strong data-start=\"1763\" data-end=\"1800\">Formation &amp; consulting commercial<\/strong><br data-start=\"1800\" data-end=\"1803\" \/>Accompagnement des \u00e9quipes pour am\u00e9liorer les performances commerciales et techniques.<\/li>\n<\/ul>\n<p>[\/et_pb_text][\/et_pb_column][et_pb_column type=\u00a0\u00bb1_2&Prime; _builder_version=\u00a0\u00bb4.27.2&Prime; _module_preset=\u00a0\u00bbdefault\u00a0\u00bb global_colors_info=\u00a0\u00bb{}\u00a0\u00bb][et_pb_image src=\u00a0\u00bbhttp:\/\/tdes.fr\/wp-content\/uploads\/2024\/10\/2.png\u00a0\u00bb title_text=\u00a0\u00bb2&Prime; _builder_version=\u00a0\u00bb4.27.2&Prime; _module_preset=\u00a0\u00bbdefault\u00a0\u00bb global_colors_info=\u00a0\u00bb{}\u00a0\u00bb][\/et_pb_image][\/et_pb_column][\/et_pb_row][\/et_pb_section][et_pb_section fb_built=\u00a0\u00bb1&Prime; _builder_version=\u00a0\u00bb4.27.2&Prime; _module_preset=\u00a0\u00bbdefault\u00a0\u00bb global_colors_info=\u00a0\u00bb{}\u00a0\u00bb][et_pb_row column_structure=\u00a0\u00bb1_2,1_2&Prime; module_id=\u00a0\u00bbclients\u00a0\u00bb _builder_version=\u00a0\u00bb4.27.2&Prime; _module_preset=\u00a0\u00bbdefault\u00a0\u00bb global_colors_info=\u00a0\u00bb{}\u00a0\u00bb][et_pb_column type=\u00a0\u00bb1_2&Prime; _builder_version=\u00a0\u00bb4.27.2&Prime; _module_preset=\u00a0\u00bbdefault\u00a0\u00bb global_colors_info=\u00a0\u00bb{}\u00a0\u00bb][et_pb_text _builder_version=\u00a0\u00bb4.27.6&Prime; _module_preset=\u00a0\u00bbdefault\u00a0\u00bb hover_enabled=\u00a0\u00bb0&Prime; global_colors_info=\u00a0\u00bb{}\u00a0\u00bb sticky_enabled=\u00a0\u00bb0&Prime;]<\/p>\n<h2 data-section-id=\"13mkd31\" data-start=\"1898\" data-end=\"1916\"><span role=\"text\"><strong data-start=\"1901\" data-end=\"1916\">Nos Clients<\/strong><\/span><\/h2>\n<p data-start=\"1918\" data-end=\"1987\">Nous accompagnons une diversit\u00e9 de clients issus de secteurs vari\u00e9s :<\/p>\n<ul data-start=\"1989\" data-end=\"2236\">\n<li data-section-id=\"29ohmf\" data-start=\"1989\" data-end=\"2033\"><strong data-start=\"1991\" data-end=\"2033\">Industrie automobile et \u00e9quipementiers<\/strong><\/li>\n<li data-section-id=\"6togfa\" data-start=\"2034\" data-end=\"2091\"><strong data-start=\"2036\" data-end=\"2091\">Entreprises technologiques et \u00e9diteurs de logiciels<\/strong><\/li>\n<li data-section-id=\"9ifmn7\" data-start=\"2092\" data-end=\"2117\"><strong data-start=\"2094\" data-end=\"2117\">Startups innovantes<\/strong><\/li>\n<li data-section-id=\"11uodbe\" data-start=\"2118\" data-end=\"2177\"><strong data-start=\"2120\" data-end=\"2177\">PME et grandes entreprises en transformation digitale<\/strong><\/li>\n<li data-section-id=\"17dr7yh\" data-start=\"2178\" data-end=\"2236\"><strong data-start=\"2180\" data-end=\"2236\">Acteurs du commerce international et de l\u2019ing\u00e9nierie<\/strong><\/li>\n<\/ul>\n<p>[\/et_pb_text][\/et_pb_column][et_pb_column type=\u00a0\u00bb1_2&Prime; _builder_version=\u00a0\u00bb4.27.2&Prime; _module_preset=\u00a0\u00bbdefault\u00a0\u00bb global_colors_info=\u00a0\u00bb{}\u00a0\u00bb][et_pb_image src=\u00a0\u00bbhttp:\/\/tdes.fr\/wp-content\/uploads\/2024\/10\/3.png\u00a0\u00bb title_text=\u00a0\u00bb3&Prime; _builder_version=\u00a0\u00bb4.27.2&Prime; _module_preset=\u00a0\u00bbdefault\u00a0\u00bb global_colors_info=\u00a0\u00bb{}\u00a0\u00bb][\/et_pb_image][\/et_pb_column][\/et_pb_row][\/et_pb_section]<\/p>\n","protected":false},"excerpt":{"rendered":"<p>Nos Services Ing\u00e9nierie informatique &amp; R&amp;D automobileConception, d\u00e9veloppement et optimisation de solutions technologiques pour le secteur automobile et industriel. Big Data &amp; gestion des donn\u00e9esCollecte, traitement et analyse de donn\u00e9es pour am\u00e9liorer la prise de d\u00e9cision et la performance. Conseil en syst\u00e8mes et logicielsAudit, architecture et accompagnement dans la mise en place de solutions informatiques [&hellip;]<\/p>\n","protected":false},"author":1,"featured_media":0,"parent":0,"menu_order":0,"comment_status":"closed","ping_status":"closed","template":"","meta":{"_et_pb_use_builder":"on","_et_pb_old_content":"","_et_gb_content_width":"","footnotes":""},"class_list":["post-9","page","type-page","status-publish","hentry"],"_links":{"self":[{"href":"https:\/\/www.tdes.fr\/index.php?rest_route=\/wp\/v2\/pages\/9","targetHints":{"allow":["GET"]}}],"collection":[{"href":"https:\/\/www.tdes.fr\/index.php?rest_route=\/wp\/v2\/pages"}],"about":[{"href":"https:\/\/www.tdes.fr\/index.php?rest_route=\/wp\/v2\/types\/page"}],"author":[{"embeddable":true,"href":"https:\/\/www.tdes.fr\/index.php?rest_route=\/wp\/v2\/users\/1"}],"replies":[{"embeddable":true,"href":"https:\/\/www.tdes.fr\/index.php?rest_route=%2Fwp%2Fv2%2Fcomments&post=9"}],"version-history":[{"count":17,"href":"https:\/\/www.tdes.fr\/index.php?rest_route=\/wp\/v2\/pages\/9\/revisions"}],"predecessor-version":[{"id":93,"href":"https:\/\/www.tdes.fr\/index.php?rest_route=\/wp\/v2\/pages\/9\/revisions\/93"}],"wp:attachment":[{"href":"https:\/\/www.tdes.fr\/index.php?rest_route=%2Fwp%2Fv2%2Fmedia&parent=9"}],"curies":[{"name":"wp","href":"https:\/\/api.w.org\/{rel}","templated":true}]}}